{"id":140,"date":"2022-11-09T00:15:35","date_gmt":"2022-11-09T05:15:35","guid":{"rendered":"https:\/\/www.tracenetsolutions.com\/?page_id=140"},"modified":"2026-03-16T12:47:19","modified_gmt":"2026-03-16T16:47:19","slug":"internet-of-things-iot","status":"publish","type":"page","link":"https:\/\/www.tracenetsolutions.com\/pt\/internet-of-things-iot\/","title":{"rendered":"Internet of Things &#8211; IoT"},"content":{"rendered":"<div data-elementor-type=\"wp-page\" data-elementor-id=\"140\" class=\"elementor elementor-140\" data-elementor-post-type=\"page\">\n\t\t\t\t\t\t<section class=\"elementor-section elementor-top-section elementor-element elementor-element-65b3e36 elementor-section-full_width elementor-section-height-default elementor-section-height-default\" data-id=\"65b3e36\" data-element_type=\"section\" data-e-type=\"section\">\n\t\t\t\t\t\t<div class=\"elementor-container elementor-column-gap-default\">\n\t\t\t\t\t<div class=\"elementor-column elementor-col-100 elementor-top-column elementor-element elementor-element-79ee3a9\" data-id=\"79ee3a9\" data-element_type=\"column\" data-e-type=\"column\">\n\t\t\t<div class=\"elementor-widget-wrap\">\n\t\t\t\t\t\t\t<\/div>\n\t\t<\/div>\n\t\t\t\t\t<\/div>\n\t\t<\/section>\n\t\t\t\t<section class=\"elementor-section elementor-top-section elementor-element elementor-element-7beb6fd elementor-section-height-min-height elementor-section-boxed elementor-section-height-default elementor-section-items-middle elementor-invisible\" data-id=\"7beb6fd\" data-element_type=\"section\" data-e-type=\"section\" data-settings=\"{&quot;background_background&quot;:&quot;video&quot;,&quot;animation&quot;:&quot;zoomIn&quot;,&quot;background_video_link&quot;:&quot;https:\\\/\\\/www.youtube.com\\\/watch?v=Gr0GgcO4kMk&quot;,&quot;background_play_on_mobile&quot;:&quot;yes&quot;,&quot;background_privacy_mode&quot;:&quot;yes&quot;}\">\n\t\t\t\t\t\t\t\t<div class=\"elementor-background-video-container\">\n\t\t\t\t\t\t\t\t\t\t\t\t\t<div class=\"elementor-background-video-embed\" role=\"presentation\"><\/div>\n\t\t\t\t\t\t\t\t\t\t\t\t<\/div>\n\t\t\t\t\t\t\t\t\t<div class=\"elementor-background-overlay\"><\/div>\n\t\t\t\t\t\t\t<div class=\"elementor-container elementor-column-gap-default\">\n\t\t\t\t\t<div class=\"elementor-column elementor-col-100 elementor-top-column elementor-element elementor-element-ff8a62a\" data-id=\"ff8a62a\" data-element_type=\"column\" data-e-type=\"column\">\n\t\t\t<div class=\"elementor-widget-wrap elementor-element-populated\">\n\t\t\t\t\t\t<div class=\"elementor-element elementor-element-9489ac7 elementor-widget elementor-widget-heading\" data-id=\"9489ac7\" data-element_type=\"widget\" data-e-type=\"widget\" data-widget_type=\"heading.default\">\n\t\t\t\t<div class=\"elementor-widget-container\">\n\t\t\t\t\t<h1 class=\"elementor-heading-title elementor-size-default\">NTERNET DAS COISAS - IoT<\/h1>\t\t\t\t<\/div>\n\t\t\t\t<\/div>\n\t\t\t\t\t<\/div>\n\t\t<\/div>\n\t\t\t\t\t<\/div>\n\t\t<\/section>\n\t\t\t\t<section class=\"elementor-section elementor-top-section elementor-element elementor-element-6327f5b elementor-section-boxed elementor-section-height-default elementor-section-height-default elementor-invisible\" data-id=\"6327f5b\" data-element_type=\"section\" data-e-type=\"section\" data-settings=\"{&quot;animation&quot;:&quot;zoomIn&quot;}\">\n\t\t\t\t\t\t<div class=\"elementor-container elementor-column-gap-default\">\n\t\t\t\t\t<div class=\"elementor-column elementor-col-100 elementor-top-column elementor-element elementor-element-cf113b0\" data-id=\"cf113b0\" data-element_type=\"column\" data-e-type=\"column\">\n\t\t\t<div class=\"elementor-widget-wrap elementor-element-populated\">\n\t\t\t\t\t\t<div class=\"elementor-element elementor-element-f8a5f4a elementor-widget elementor-widget-heading\" data-id=\"f8a5f4a\" data-element_type=\"widget\" data-e-type=\"widget\" data-widget_type=\"heading.default\">\n\t\t\t\t<div class=\"elementor-widget-container\">\n\t\t\t\t\t<h2 class=\"elementor-heading-title elementor-size-default\">Conectando coisas, necessidades e pessoas<\/h2>\t\t\t\t<\/div>\n\t\t\t\t<\/div>\n\t\t\t\t<div class=\"elementor-element elementor-element-9484734 elementor-widget elementor-widget-text-editor\" data-id=\"9484734\" data-element_type=\"widget\" data-e-type=\"widget\" data-widget_type=\"text-editor.default\">\n\t\t\t\t<div class=\"elementor-widget-container\">\n\t\t\t\t\t\t\t\t\t<p>A Tracenet IT Solutions \u00e9 especializada em ajudar empresas a conquistar efici\u00eancia, aproveitando a intelig\u00eancia de dispositivos para tornar opera\u00e7\u00f5es mais eficientes ou aumentar a satisfa\u00e7\u00e3o do usu\u00e1rio final. Al\u00e9m disso, a Internet das Coisas tem a capacidade de ustilizar dados coletados de variadas fontes para alimentar a tomada de decis\u00e3o e que ajudar\u00e1 as organiza\u00e7\u00f5es a usufruirem benef\u00edcios imensur\u00e1veis em curto, m\u00e9dio e longo prazo.<\/p><p>A aplica\u00e7\u00e3o da Internet das Coisas (IoT) podem ser observado em seguran\u00e7a p\u00fablica, meios de transporte, sa\u00fade, gest\u00e3o governamental, agronomia ou qualquer necessidade que torne mais eficiente o mundo em que vivemos.<\/p><p>Entre em contato agora mesmo e usufrua da nossa expertise em IoT para ajudar as suas necessidades de neg\u00f3cio!<\/p>\t\t\t\t\t\t\t\t<\/div>\n\t\t\t\t<\/div>\n\t\t\t\t\t<\/div>\n\t\t<\/div>\n\t\t\t\t\t<\/div>\n\t\t<\/section>\n\t\t\t\t<\/div>","protected":false},"excerpt":{"rendered":"<p>INTERNET OF THINGS &#8211; IoT Connecting things, needs and people! Tracenet IT Solutions specializes in helping companies achieve efficiency, leveraging device intelligence to make operations more efficient, or increase end-user satisfaction. In addition, the Internet of Things has the ability to use data collected from a variety of sources to fuel decision-making and help organizations [&hellip;]<\/p>\n","protected":false},"author":1,"featured_media":0,"parent":0,"menu_order":0,"comment_status":"closed","ping_status":"closed","template":"elementor_header_footer","meta":{"footnotes":""},"class_list":["post-140","page","type-page","status-publish","hentry"],"aioseo_notices":[],"_links":{"self":[{"href":"https:\/\/www.tracenetsolutions.com\/pt\/wp-json\/wp\/v2\/pages\/140","targetHints":{"allow":["GET"]}}],"collection":[{"href":"https:\/\/www.tracenetsolutions.com\/pt\/wp-json\/wp\/v2\/pages"}],"about":[{"href":"https:\/\/www.tracenetsolutions.com\/pt\/wp-json\/wp\/v2\/types\/page"}],"author":[{"embeddable":true,"href":"https:\/\/www.tracenetsolutions.com\/pt\/wp-json\/wp\/v2\/users\/1"}],"replies":[{"embeddable":true,"href":"https:\/\/www.tracenetsolutions.com\/pt\/wp-json\/wp\/v2\/comments?post=140"}],"version-history":[{"count":8,"href":"https:\/\/www.tracenetsolutions.com\/pt\/wp-json\/wp\/v2\/pages\/140\/revisions"}],"predecessor-version":[{"id":3743,"href":"https:\/\/www.tracenetsolutions.com\/pt\/wp-json\/wp\/v2\/pages\/140\/revisions\/3743"}],"wp:attachment":[{"href":"https:\/\/www.tracenetsolutions.com\/pt\/wp-json\/wp\/v2\/media?parent=140"}],"curies":[{"name":"wp","href":"https:\/\/api.w.org\/{rel}","templated":true}]}}