{"id":157,"date":"2022-11-09T00:33:10","date_gmt":"2022-11-09T05:33:10","guid":{"rendered":"https:\/\/www.tracenetsolutions.com\/?page_id=157"},"modified":"2026-03-16T12:36:17","modified_gmt":"2026-03-16T16:36:17","slug":"advanced-services","status":"publish","type":"page","link":"https:\/\/www.tracenetsolutions.com\/pt\/advanced-services\/","title":{"rendered":"Advanced Services"},"content":{"rendered":"<div data-elementor-type=\"wp-page\" data-elementor-id=\"157\" class=\"elementor elementor-157\" data-elementor-post-type=\"page\">\n\t\t\t\t\t\t<section class=\"elementor-section elementor-top-section elementor-element elementor-element-65b3e36 elementor-section-full_width elementor-section-height-default elementor-section-height-default\" data-id=\"65b3e36\" data-element_type=\"section\" data-e-type=\"section\">\n\t\t\t\t\t\t<div class=\"elementor-container elementor-column-gap-default\">\n\t\t\t\t\t<div class=\"elementor-column elementor-col-100 elementor-top-column elementor-element elementor-element-79ee3a9\" data-id=\"79ee3a9\" data-element_type=\"column\" data-e-type=\"column\">\n\t\t\t<div class=\"elementor-widget-wrap\">\n\t\t\t\t\t\t\t<\/div>\n\t\t<\/div>\n\t\t\t\t\t<\/div>\n\t\t<\/section>\n\t\t\t\t<section class=\"elementor-section elementor-top-section elementor-element elementor-element-b31b98c elementor-section-height-min-height elementor-section-boxed elementor-section-height-default elementor-section-items-middle elementor-invisible\" data-id=\"b31b98c\" data-element_type=\"section\" data-e-type=\"section\" data-settings=\"{&quot;background_background&quot;:&quot;video&quot;,&quot;animation&quot;:&quot;zoomIn&quot;,&quot;background_video_link&quot;:&quot;https:\\\/\\\/www.youtube.com\\\/watch?v=Gr0GgcO4kMk&quot;,&quot;background_play_on_mobile&quot;:&quot;yes&quot;,&quot;background_privacy_mode&quot;:&quot;yes&quot;}\">\n\t\t\t\t\t\t\t\t<div class=\"elementor-background-video-container\">\n\t\t\t\t\t\t\t\t\t\t\t\t\t<div class=\"elementor-background-video-embed\" role=\"presentation\"><\/div>\n\t\t\t\t\t\t\t\t\t\t\t\t<\/div>\n\t\t\t\t\t\t\t\t\t<div class=\"elementor-background-overlay\"><\/div>\n\t\t\t\t\t\t\t<div class=\"elementor-container elementor-column-gap-default\">\n\t\t\t\t\t<div class=\"elementor-column elementor-col-100 elementor-top-column elementor-element elementor-element-0e70918\" data-id=\"0e70918\" data-element_type=\"column\" data-e-type=\"column\">\n\t\t\t<div class=\"elementor-widget-wrap elementor-element-populated\">\n\t\t\t\t\t\t<div class=\"elementor-element elementor-element-3b568f8 elementor-widget elementor-widget-heading\" data-id=\"3b568f8\" data-element_type=\"widget\" data-e-type=\"widget\" data-widget_type=\"heading.default\">\n\t\t\t\t<div class=\"elementor-widget-container\">\n\t\t\t\t\t<h1 class=\"elementor-heading-title elementor-size-default\">SERVI\u00c7OS AVAN\u00c7ADOS<\/h1>\t\t\t\t<\/div>\n\t\t\t\t<\/div>\n\t\t\t\t\t<\/div>\n\t\t<\/div>\n\t\t\t\t\t<\/div>\n\t\t<\/section>\n\t\t\t\t<section class=\"elementor-section elementor-top-section elementor-element elementor-element-ba330c7 elementor-section-boxed elementor-section-height-default elementor-section-height-default elementor-invisible\" data-id=\"ba330c7\" data-element_type=\"section\" data-e-type=\"section\" data-settings=\"{&quot;animation&quot;:&quot;zoomIn&quot;}\">\n\t\t\t\t\t\t<div class=\"elementor-container elementor-column-gap-default\">\n\t\t\t\t\t<div class=\"elementor-column elementor-col-100 elementor-top-column elementor-element elementor-element-66108e0\" data-id=\"66108e0\" data-element_type=\"column\" data-e-type=\"column\">\n\t\t\t<div class=\"elementor-widget-wrap elementor-element-populated\">\n\t\t\t\t\t\t<div class=\"elementor-element elementor-element-b58162d elementor-widget elementor-widget-heading\" data-id=\"b58162d\" data-element_type=\"widget\" data-e-type=\"widget\" data-widget_type=\"heading.default\">\n\t\t\t\t<div class=\"elementor-widget-container\">\n\t\t\t\t\t<h2 class=\"elementor-heading-title elementor-size-default\">Eficiencia em Tecnologia, sem complica\u00e7\u00e3o<\/h2>\t\t\t\t<\/div>\n\t\t\t\t<\/div>\n\t\t\t\t<div class=\"elementor-element elementor-element-7b74215 elementor-widget elementor-widget-text-editor\" data-id=\"7b74215\" data-element_type=\"widget\" data-e-type=\"widget\" data-widget_type=\"text-editor.default\">\n\t\t\t\t<div class=\"elementor-widget-container\">\n\t\t\t\t\t\t\t\t\t<p>A Tracenet IT Solutions disp\u00f5e de uma estrutura de gest\u00e3o de projetos que atua seguindo as boas pr\u00e1ticas de mercado, trazendo benef\u00edcios como: prazos reduzidos, comunica\u00e7\u00e3o efici\u00eante, competitividade e constru\u00e7\u00e3o do sucesso na implanta\u00e7\u00e3o de seu projeto.<\/p><p>Nossa equipe disp\u00f5e de mais de 100 certifica\u00e7\u00f5es tecnol\u00f3gicas, facilitando o plano de ado\u00e7\u00e3o, implementa\u00e7\u00e3o, migra\u00e7\u00e3o, valida\u00e7\u00e3o e integra\u00e7\u00e3o de novas tecnologias, sempre alinhando o uso da tecnologia eficiente a necessidade de neg\u00f3cios.<\/p><p>Investir em tecnologia sem levar em conta o conhecimento necess\u00e1rio para implement\u00e1-la, certamente deixar\u00e1 voc\u00ea distante dos resultados desejados.<\/p><p>Contrate agora mesmo os Servi\u00e7os Avan\u00e7ados da Tracenet IT Solutions e torne o seu projeto um case de sucesso.<\/p>\t\t\t\t\t\t\t\t<\/div>\n\t\t\t\t<\/div>\n\t\t\t\t\t<\/div>\n\t\t<\/div>\n\t\t\t\t\t<\/div>\n\t\t<\/section>\n\t\t\t\t<\/div>","protected":false},"excerpt":{"rendered":"<p>ADVANCED SERVICES Efficiency in Technology, without complication! Tracenet IT Solutions has a project management structure that follows good market practices, bringing benefits such as: reduced deadlines, efficient communication, competitiveness and building success in the implementation of your project. Our team has more than 100 technological certifications, facilitating the plan of adoption, implementation, migration, validation and [&hellip;]<\/p>\n","protected":false},"author":1,"featured_media":0,"parent":0,"menu_order":0,"comment_status":"closed","ping_status":"closed","template":"elementor_header_footer","meta":{"footnotes":""},"class_list":["post-157","page","type-page","status-publish","hentry"],"aioseo_notices":[],"_links":{"self":[{"href":"https:\/\/www.tracenetsolutions.com\/pt\/wp-json\/wp\/v2\/pages\/157","targetHints":{"allow":["GET"]}}],"collection":[{"href":"https:\/\/www.tracenetsolutions.com\/pt\/wp-json\/wp\/v2\/pages"}],"about":[{"href":"https:\/\/www.tracenetsolutions.com\/pt\/wp-json\/wp\/v2\/types\/page"}],"author":[{"embeddable":true,"href":"https:\/\/www.tracenetsolutions.com\/pt\/wp-json\/wp\/v2\/users\/1"}],"replies":[{"embeddable":true,"href":"https:\/\/www.tracenetsolutions.com\/pt\/wp-json\/wp\/v2\/comments?post=157"}],"version-history":[{"count":9,"href":"https:\/\/www.tracenetsolutions.com\/pt\/wp-json\/wp\/v2\/pages\/157\/revisions"}],"predecessor-version":[{"id":3728,"href":"https:\/\/www.tracenetsolutions.com\/pt\/wp-json\/wp\/v2\/pages\/157\/revisions\/3728"}],"wp:attachment":[{"href":"https:\/\/www.tracenetsolutions.com\/pt\/wp-json\/wp\/v2\/media?parent=157"}],"curies":[{"name":"wp","href":"https:\/\/api.w.org\/{rel}","templated":true}]}}