{"id":2497,"date":"2023-06-22T09:35:45","date_gmt":"2023-06-22T13:35:45","guid":{"rendered":"https:\/\/www.tracenetsolutions.com\/?page_id=2497"},"modified":"2026-03-16T13:08:58","modified_gmt":"2026-03-16T17:08:58","slug":"politica-de-privacidade","status":"publish","type":"page","link":"https:\/\/www.tracenetsolutions.com\/pt\/politica-de-privacidade\/","title":{"rendered":"Pol\u00edtica de Privacidade"},"content":{"rendered":"<h1>POL\u00cdTICA DE PRIVACIDADE<\/h1>\n<h1>Privacidade<\/h1>\n<h4>1.Declara\u00e7\u00e3o de Privacidade<br \/>\nA Tracenet<br \/>\nIT Solutions sabe o quanto \u00e9 importante conhecer e estar seguro sobre a utiliza\u00e7\u00e3o de seus dados pessoais, bem como de seus clientes. Por isso, nos preocupamos em esclarecer e explicar a nossa Pol\u00edtica de Privacidade.<\/h4>\n<p>N\u00f3s reconhecemos a necessidade de prote\u00e7\u00e3o e de gerenciamento adequados das informa\u00e7\u00f5es pessoais coletados em nosso site, bem como aqueles que nos s\u00e3o compartilhados por nossos clientes. A presente Pol\u00edtica de Privacidade auxiliar\u00e1 a compreender quais os tipos de informa\u00e7\u00f5es que podemos coletar, como essas informa\u00e7\u00f5es poder\u00e3o ser utilizadas e com quem as informa\u00e7\u00f5es poder\u00e3o ser compartilhadas.<\/p>\n<h4>2. Quais s\u00e3o as informa\u00e7\u00f5es pessoais que coletamos<\/h4>\n<p>As informa\u00e7\u00f5es pessoais que obtemos podem ser coletadas das seguintes formas:<\/p>\n<p><b>Site:<\/b>&nbsp;Informa\u00e7\u00f5es pessoais s\u00e3o coletadas no momento que o usu\u00e1rio interage em nosso site atrav\u00e9s de formul\u00e1rios, coment\u00e1rios, depoimentos e pesquisas. Essas informa\u00e7\u00f5es pessoais incluem, dentre outras, o nome do usu\u00e1rio, e-mail e telefone. Ao coletar as<br \/>informa\u00e7\u00f5es o usu\u00e1rio escolhe se d\u00e1, ou n\u00e3o, o consentimento para o tratamento destes dados para envio de novidades, artigos e promo\u00e7\u00f5es.&nbsp;O usu\u00e1rio do nosso portal n\u00e3o \u00e9 obrigado em hip\u00f3tes e alguma a fornecer qualquer dado pessoal para navegar nas p\u00e1ginas do site, de modo que qualquer informa\u00e7\u00e3o \u00e9 fornecida por livre e espont\u00e2nea vontade.<br \/>Somente \u00e9 necess\u00e1ria a coleta de dados b\u00e1sicos quando o usu\u00e1rio desejar o retorno de seu contato. Todas as Informa\u00e7\u00f5es Pessoais s\u00e3o colhidas de maneira justa e n\u00e3o invasiva, com o seu consentimento volunt\u00e1rio. As Informa\u00e7\u00f5es Pessoais n\u00e3o s\u00e3o acess\u00edveis a nenhuma pessoa fora da fun\u00e7\u00e3o espec\u00edfica para a qual foram coletadas.<\/p>\n<p><b>Cookies:<\/b>&nbsp;Dados pessoais podem ser coletados atrav\u00e9s de cookies, com o consentimento do usu\u00e1rio. Para mais informa\u00e7\u00f5es consulte nossa Pol\u00edtica de Cookies.<\/p>\n<p><b>Contratos:<\/b>&nbsp;Coletamos os dados de nossos clientes necess\u00e1rios para a confec\u00e7\u00e3o do contrato e emiss\u00e3o de nota fiscal. Estes dados s\u00e3o, entre outros, o e-mail para contato e eventual envio de Nota Fiscal Eletr\u00f4nica, nome, CPF, CNPJ, Raz\u00e3o Social, Nome completo do Respons\u00e1vel, Telefone, Endere\u00e7o comercial completo com CEP, Bairro, Cidade e Estado e a Inscri\u00e7\u00e3o Estadual quando aplic\u00e1vel.<\/p>\n<p><b>Compartilhamento:<\/b> Podemos ter acesso a dados pessoais compartilhados por nossos clientes. Neste caso a Tracenet IT Solutions, como operadora de dados, seguir\u00e1 todas as instru\u00e7\u00f5es e pol\u00edticas de privacidade e prote\u00e7\u00e3o de dados de seus clientes, protegendo estes dados compartilhados contra acesso indevido, e conforme as normas da Lei Geral de Prote\u00e7\u00e3o de Dados.<\/p>\n<p><b>E-mail:<\/b> Os e-mails ficam armazenados nos servidores do Gmail, configurando transfer\u00eancia internacional de dados.<\/p>\n<p><b>Funcion\u00e1rios:<\/b> Coletamos dados pessoais de nossos colaboradores e candidatos a vagas de emprego. Estes dados s\u00e3o necess\u00e1rios para<br \/>execu\u00e7\u00e3o do contrato de trabalho, efetuar o registro do funcion\u00e1rio e atender \u00e0 legisla\u00e7\u00e3o trabalhista.<\/p>\n<h4>3. M\u00eddias Sociais<\/h4>\n<p style=\"font-weight: 400;\">A TRACENET IT SOLUTIONS se utiliza tamb\u00e9m da M\u00eddia Social para se comunicar e interagir com seus clientes e consumidores por meio<br \/>de Websites de terceiros como, por exemplo, o Facebook ou o Twitter. Estes Websites de terceiros s\u00e3o uma tecnologia baseada na Internet que n\u00e3o \u00e9 operada ou controlada pela TRACENET IT SOLUTIONS. Ao interagir, compartilhar ou \u201cCurtir\u201d a p\u00e1gina da TRACENET IT SOLUTIONS no Facebook, twitter, ou outra m\u00eddia social, voc\u00ea poder\u00e1 revelar determinadas informa\u00e7\u00f5es pessoais a TRACENET IT SOLUTIONS ou a terceiros.<\/p>\n<p style=\"font-weight: 400;\">Usamos os \u201cbot\u00f5es sociais\u201d para permitir que os nossos usu\u00e1rios compartilhem ou marquem p\u00e1ginas da web. S\u00e3o bot\u00f5es de sites terceiros de m\u00eddias sociais, e que podem registrar informa\u00e7\u00f5es sobre suas atividades na internet, incluindo este site. Por favor, reveja os respectivos<br \/>termos de uso e pol\u00edticas de privacidade desses sites para entender exatamente como eles usam suas informa\u00e7\u00f5es, como optar por n\u00e3o receber ou excluir tais informa\u00e7\u00f5es.<\/p>\n<p style=\"font-weight: 400;\">A quantidade de informa\u00e7\u00f5es pessoais vis\u00edveis depender\u00e1 das suas pr\u00f3prias configura\u00e7\u00f5es de privacidade no Facebook, twitter e demais m\u00eddias sociais.<\/p>\n<p style=\"font-weight: 400;\">\u00a0<\/p>\n<h4>4. Finalidades e bases legais<\/h4>\n<p style=\"font-weight: 400;\">Relacionamos a seguir as finalidades e bases legais dos tratamentos de dados da TRACENET IT SOLUTIONS:<\/p>\n<h3>FINS<\/h3>\n<ul>\n<li>\n\t\t\t\t\t\t\t\t\t\tCumprir com termos e condi\u00e7\u00f5es estabelecidos em contratos com nossos clientes.\n\t\t\t\t\t\t\t\t\t<\/li>\n<li>\n\t\t\t\t\t\t\t\t\t\tRecrutamento e avalia\u00e7\u00e3o de ader\u00eancia \u00e0 vaga de trabalho.\n\t\t\t\t\t\t\t\t\t<\/li>\n<li>\n\t\t\t\t\t\t\t\t\t\tFacilitar a comunica\u00e7\u00e3o com voc\u00ea (inclusive em casos de emerg\u00eancia e para fornecer a voc\u00ea informa\u00e7\u00f5es solicitadas).\n\t\t\t\t\t\t\t\t\t<\/li>\n<li>\n\t\t\t\t\t\t\t\t\t\tCumprir requisitos legais.\n\t\t\t\t\t\t\t\t\t<\/li>\n<li>\n\t\t\t\t\t\t\t\t\t\tMonitorar o uso que voc\u00ea faz dos nossos sistemas (incluindo monitorar o uso do nosso site e de quaisquer aplicativos e ferramentas que voc\u00ea utilizar).\n\t\t\t\t\t\t\t\t\t<\/li>\n<li>\n\t\t\t\t\t\t\t\t\t\tEscuta social (identificando e analisando o que est\u00e1 sendo dito sobre a TRACENET IT SOLUTIONS e nossos clientes nas m\u00eddias sociais [somente conte\u00fado acess\u00edvel publicamente] a fim de perceber sentimento, inten\u00e7\u00e3o, disposi\u00e7\u00e3o e tend\u00eancias de mercado e as necessidades de nossos stakeholders e, dessa forma, melhorar nossos servi\u00e7os.)\n\t\t\t\t\t\t\t\t\t<\/li>\n<li>\n\t\t\t\t\t\t\t\t\t\tMelhorar a seguran\u00e7a e o funcionamento do nosso website, redes e informa\u00e7\u00f5es.\n\t\t\t\t\t\t\t\t\t<\/li>\n<li>\n\t\t\t\t\t\t\t\t\t\tRealizar an\u00e1lises de dados, isto \u00e9, aplicar analytics em opera\u00e7\u00f5es e dados do neg\u00f3cio para descrever, prever e melhorar o desempenho do neg\u00f3cio dentro da TRACENET IT SOLUTIONS e\/ou proporcionar uma melhor experi\u00eancia de usu\u00e1rio. (mais detalhes sobre como usamos analytics em nosso site s\u00e3o encontrados em nossa pol\u00edtica de cookies).\n\t\t\t\t\t\t\t\t\t<\/li>\n<li>\n\t\t\t\t\t\t\t\t\t\tOferecer nossos produtos e servi\u00e7os para voc\u00ea (a menos que voc\u00ea tenha mostrado obje\u00e7\u00e3o em rela\u00e7\u00e3o a tal tratamento).\n\t\t\t\t\t\t\t\t\t<\/li>\n<li>\n\t\t\t\t\t\t\t\t\t\tOferecer nossos produtos e servi\u00e7os para voc\u00ea (a menos que voc\u00ea tenha mostrado obje\u00e7\u00e3o em rela\u00e7\u00e3o a tal tratamento).\n\t\t\t\t\t\t\t\t\t<\/li>\n<li>\n\t\t\t\t\t\t\t\t\t\tAdministrar benef\u00edcios aos funcion\u00e1rios\n\t\t\t\t\t\t\t\t\t<\/li>\n<li>\n\t\t\t\t\t\t\t\t\t\tEntrega de informa\u00e7\u00f5es necess\u00e1rias aos \u00f3rg\u00e3os governamentais.\n\t\t\t\t\t\t\t\t\t<\/li>\n<\/ul>\n<h3>BASE LEGAL<\/h3>\n<ul>\n<li>\n\t\t\t\t\t\t\t\t\t\tNecess\u00e1rio para execu\u00e7\u00e3o de contrato no qual voc\u00ea, sua empresa ou um controlador de seus dados \u00e9 uma das partes.\n\t\t\t\t\t\t\t\t\t<\/li>\n<li>\n\t\t\t\t\t\t\t\t\t\tJustificado com base em nossos leg\u00edtimos interesses para assegurar que recrutamos os funcion\u00e1rios adequados.\n\t\t\t\t\t\t\t\t\t<\/li>\n<li>\n\t\t\t\t\t\t\t\t\t\tJustifica-se com base em nossos interesses leg\u00edtimos de assegurar comunica\u00e7\u00e3o e gest\u00e3o de emerg\u00eancias adequadas na organiza\u00e7\u00e3o.\n\t\t\t\t\t\t\t\t\t<\/li>\n<li>\n\t\t\t\t\t\t\t\t\t\tNecess\u00e1rio para a conformidade com uma obriga\u00e7\u00e3o legal \u00e0 qual estamos sujeitos.\n\t\t\t\t\t\t\t\t\t<\/li>\n<li>\n\t\t\t\t\t\t\t\t\t\tJustifica-se com base nos nossos interesses leg\u00edtimos de evitar n\u00e3o conformidades e proteger nossa reputa\u00e7\u00e3o.\n\t\t\t\t\t\t\t\t\t<\/li>\n<li>\n\t\t\t\t\t\t\t\t\t\tJustifica-se com base em nossos leg\u00edtimos interesses em proteger nossos ativos e nossa marca nas m\u00eddias sociais.\n\t\t\t\t\t\t\t\t\t<\/li>\n<li>\n\t\t\t\t\t\t\t\t\t\tJustifica-se com base em nossos leg\u00edtimos interesses de assegurar que voc\u00ea ter\u00e1 uma experi\u00eancia de usu\u00e1rio excelente e que nossas redes e informa\u00e7\u00f5es s\u00e3o seguras.\n\t\t\t\t\t\t\t\t\t<\/li>\n<li>\n\t\t\t\t\t\t\t\t\t\tJustifica-se com base em nossos interesses leg\u00edtimos de assegurar o funcionamento adequado das nossas opera\u00e7\u00f5es de neg\u00f3cios.\n\t\t\t\t\t\t\t\t\t<\/li>\n<li>\n\t\t\t\t\t\t\t\t\t\tJustifica-se com base em nossos leg\u00edtimos interesses de garantir que podemos conduzir e melhorar nosso neg\u00f3cio\n\t\t\t\t\t\t\t\t\t<\/li>\n<li>\n\t\t\t\t\t\t\t\t\t\tJustifica-se com base nos leg\u00edtimos interesses da TRACENET IT SOLUTIONS de garantir que nossos funcion\u00e1rios recebam os benef\u00edcios adequados.\n\t\t\t\t\t\t\t\t\t<\/li>\n<li>\n\t\t\t\t\t\t\t\t\t\tPara cumprimento de uma obriga\u00e7\u00e3o legal.\n\t\t\t\t\t\t\t\t\t<\/li>\n<\/ul>\n","protected":false},"excerpt":{"rendered":"<p>POL\u00cdTICA DE PRIVACIDADE Privacidade 1.Declara\u00e7\u00e3o de Privacidade A Tracenet IT Solutions sabe o quanto \u00e9 importante conhecer e estar seguro sobre a utiliza\u00e7\u00e3o de seus dados pessoais, bem como de seus clientes. Por isso, nos preocupamos em esclarecer e explicar a nossa Pol\u00edtica de Privacidade. N\u00f3s reconhecemos a necessidade de prote\u00e7\u00e3o e de gerenciamento adequados [&hellip;]<\/p>\n","protected":false},"author":1,"featured_media":0,"parent":0,"menu_order":0,"comment_status":"closed","ping_status":"closed","template":"elementor_header_footer","meta":{"footnotes":""},"class_list":["post-2497","page","type-page","status-publish","hentry"],"aioseo_notices":[],"_links":{"self":[{"href":"https:\/\/www.tracenetsolutions.com\/pt\/wp-json\/wp\/v2\/pages\/2497","targetHints":{"allow":["GET"]}}],"collection":[{"href":"https:\/\/www.tracenetsolutions.com\/pt\/wp-json\/wp\/v2\/pages"}],"about":[{"href":"https:\/\/www.tracenetsolutions.com\/pt\/wp-json\/wp\/v2\/types\/page"}],"author":[{"embeddable":true,"href":"https:\/\/www.tracenetsolutions.com\/pt\/wp-json\/wp\/v2\/users\/1"}],"replies":[{"embeddable":true,"href":"https:\/\/www.tracenetsolutions.com\/pt\/wp-json\/wp\/v2\/comments?post=2497"}],"version-history":[{"count":4,"href":"https:\/\/www.tracenetsolutions.com\/pt\/wp-json\/wp\/v2\/pages\/2497\/revisions"}],"predecessor-version":[{"id":3764,"href":"https:\/\/www.tracenetsolutions.com\/pt\/wp-json\/wp\/v2\/pages\/2497\/revisions\/3764"}],"wp:attachment":[{"href":"https:\/\/www.tracenetsolutions.com\/pt\/wp-json\/wp\/v2\/media?parent=2497"}],"curies":[{"name":"wp","href":"https:\/\/api.w.org\/{rel}","templated":true}]}}